{"id":5388,"date":"2023-04-23T17:18:41","date_gmt":"2023-04-23T15:18:41","guid":{"rendered":"https:\/\/playagrande.cat\/politica-de-privadesa\/"},"modified":"2023-06-23T07:46:01","modified_gmt":"2023-06-23T05:46:01","slug":"politica-de-privadesa","status":"publish","type":"page","link":"https:\/\/playagrande.cat\/ca\/politica-de-privadesa\/","title":{"rendered":"pol\u00edtica de privadesa"},"content":{"rendered":"\t\t<div data-elementor-type=\"wp-page\" data-elementor-id=\"5388\" class=\"elementor elementor-5388 elementor-2923\" data-elementor-post-type=\"page\">\n\t\t\t\t\t\t<section class=\"elementor-section elementor-top-section elementor-element elementor-element-c9b465f elementor-section-boxed elementor-section-height-default elementor-section-height-default\" data-id=\"c9b465f\" data-element_type=\"section\" data-e-type=\"section\">\n\t\t\t\t\t\t<div class=\"elementor-container elementor-column-gap-default\">\n\t\t\t\t\t<div class=\"elementor-column elementor-col-100 elementor-top-column elementor-element elementor-element-687aeab\" data-id=\"687aeab\" data-element_type=\"column\" data-e-type=\"column\">\n\t\t\t<div class=\"elementor-widget-wrap elementor-element-populated\">\n\t\t\t\t\t\t<div class=\"elementor-element elementor-element-4de579d elementor-widget elementor-widget-spacer\" data-id=\"4de579d\" data-element_type=\"widget\" data-e-type=\"widget\" data-widget_type=\"spacer.default\">\n\t\t\t\t<div class=\"elementor-widget-container\">\n\t\t\t\t\t\t\t<div class=\"elementor-spacer\">\n\t\t\t<div class=\"elementor-spacer-inner\"><\/div>\n\t\t<\/div>\n\t\t\t\t\t\t<\/div>\n\t\t\t\t<\/div>\n\t\t\t\t<div class=\"elementor-element elementor-element-8e48695 elementor-widget elementor-widget-heading\" data-id=\"8e48695\" data-element_type=\"widget\" data-e-type=\"widget\" data-widget_type=\"heading.default\">\n\t\t\t\t<div class=\"elementor-widget-container\">\n\t\t\t\t\t<h2 class=\"elementor-heading-title elementor-size-default\">Pol\u00edtica de Privadesa i Protecci\u00f3 de dades<\/h2>\t\t\t\t<\/div>\n\t\t\t\t<\/div>\n\t\t\t\t<div class=\"elementor-element elementor-element-f3e62c6 elementor-widget elementor-widget-spacer\" data-id=\"f3e62c6\" data-element_type=\"widget\" data-e-type=\"widget\" data-widget_type=\"spacer.default\">\n\t\t\t\t<div class=\"elementor-widget-container\">\n\t\t\t\t\t\t\t<div class=\"elementor-spacer\">\n\t\t\t<div class=\"elementor-spacer-inner\"><\/div>\n\t\t<\/div>\n\t\t\t\t\t\t<\/div>\n\t\t\t\t<\/div>\n\t\t\t\t<div class=\"elementor-element elementor-element-369abc9 elementor-widget elementor-widget-text-editor\" data-id=\"369abc9\" data-element_type=\"widget\" data-e-type=\"widget\" data-widget_type=\"text-editor.default\">\n\t\t\t\t<div class=\"elementor-widget-container\">\n\t\t\t\t\t\t\t\t\t<p>En compliment del Reglament (UE) 2016\/679 del Parlament Europeu i del Consell, de 27 d&#8217;abril del 2016, relatiu a la protecci\u00f3 de les persones f\u00edsiques pel que fa al tractament de dades personals, pel qual es deroga la directiva 95 \/46\/CE (d&#8217;ara endavant, RGPD), de la Llei 34\/2002, d&#8217;11 de juliol, de serveis de la societat de la informaci\u00f3 i comer\u00e7 electr\u00f2nic (d&#8217;ara endavant, LSSI-CE) i de la Llei org\u00e0nica 3\/2018 , de Protecci\u00f3 de Dades Personals i garantia dels drets digitals (d&#8217;ara endavant, LOPDGDD), COAST GAVA, SL garanteix la protecci\u00f3 i confidencialitat de les dades personals, de qualsevol tipus que ens proporcionin els nostres clients, d&#8217;acord amb el que disposa el Reglament General de Protecci\u00f3 de Dades de Car\u00e0cter Personal.<\/p>\n<p>Les dades facilitades seran tractades en els termes establerts al RGPD, en aquest sentit COAST GAVA, SL ha adoptat els nivells de protecci\u00f3 que legalment s&#8217;exigeixen, i ha instal\u00b7lat totes les mesures t\u00e8cniques al seu abast per evitar la p\u00e8rdua, mal \u00fas, alteraci\u00f3 , acc\u00e9s no autoritzat per tercers, exposats a continuaci\u00f3. Tot i aix\u00f2, l&#8217;usuari ha de ser conscient que les mesures de seguretat a Internet no s\u00f3n inexpugnables.<\/p>\n<p><b>Responsable del tratactament<br \/><\/b>Denominaci\u00f3: COAST GAVA, SL<br \/>CIF: B16898405<br \/>Adre\u00e7a: Passatge de la Concepci\u00f3, 12<br \/>Tel\u00e9fon: 936330062<br \/>Correu electr\u00f2nic: rrhh@playagrande.cat<\/p>\n<p><b>Finalitat del tractament<br \/><\/b>Totes les dades facilitades pels nostres clients i\/o visitants a la web de COAST GAVA, SL o al seu personal, seran incloses al registre d&#8217;activitats de tractament de dades de car\u00e0cter personal, creat i mantingut sota la responsabilitat de COAST GAVA, SL, imprescindibles per prestar els serveis sol\u00b7licitats pels usuaris, o per resoldre els dubtes o q\u00fcestions plantejades pels nostres visitants. La nostra pol\u00edtica \u00e9s no fer perfils sobre els usuaris dels nostres serveis.<\/p>\n<p><b>Legitimitat del tractament<\/b><\/p>\n<p>Relaci\u00f3 contractual: \u00c9s la que aplica quan compra un dels nostres productes o contracta algun dels nostres serveis.<br \/>Inter\u00e8s leg\u00edtim: Per atendre les consultes i reclamacions que ens plantege i per gestionar el cobrament de les quantitats degudes.<br \/>El vostre consentiment: Si sou usuari de la nostra web, mitjan\u00e7ant la marcaci\u00f3 de la casella que figura al formulari de contacte, ens autoritzeu que us remetem les comunicacions necess\u00e0ries per donar resposta a la consulta o sol\u00b7licitud d&#8217;informaci\u00f3 plantejada.<br \/>Destinataris<br \/>No cedim les vostres dades personals a ning\u00fa, a excepci\u00f3 d&#8217;aquelles entitats p\u00fabliques o privades a les quals estiguem obligats a facilitar les vostres dades personals amb motiu del compliment d&#8217;alguna llei. Per posar un exemple, la Llei Tribut\u00e0ria obliga a facilitar a lAg\u00e8ncia Tribut\u00e0ria determinada informaci\u00f3 sobre operacions econ\u00f2miques que superin una determinada quantitat.<\/p>\n<p>En el cas que, al marge dels sup\u00f2sits comentats, necessitem donar a con\u00e8ixer la vostra informaci\u00f3 personal a altres entitats, us sol\u00b7licitarem pr\u00e8viament el vostre perm\u00eds a trav\u00e9s d&#8217;opcions clares que us permetran decidir sobre aix\u00f2.<\/p>\n<p><b>Comunicaci\u00f3<\/b><br \/>No farem transfer\u00e8ncies internacionals de les vostres dades personals per a cap de les finalitats indicades.<\/p>\n<p><b>Conservaci\u00f3<\/b><br \/>Nom\u00e9s conservarem les vostres dades personals durant el temps que resulti necessari per aconseguir les finalitats per a les quals van ser recollides. A l&#8217;hora de determinar el per\u00edode de conservaci\u00f3 oport\u00fa, examinem els riscos que comporta el tractament, aix\u00ed com les nostres obligacions contractuals, legals i normatives, les pol\u00edtiques internes de conservaci\u00f3 de dades i els nostres interessos de negoci leg\u00edtims descrits en aquest Av\u00eds de Privadesa i Pol\u00edtica de galetes.<\/p>\n<p>En aquest sentit, COAST GAVA, SL conservar\u00e0 les dades personals una vegada acabada la seva relaci\u00f3 amb vost\u00e8, degudament bloquejades, durant el termini de prescripci\u00f3 de les accions que es puguin derivar de la relaci\u00f3 mantinguda amb l&#8217;interessat.<\/p>\n<p>Un cop bloquejades, les vostres dades resultaran inaccessibles per a COAST GAVA, SL, i no seran tractades excepte per a la seva posada a disposici\u00f3 a les Administracions p\u00fabliques, Jutges i Tribunals, per a l&#8217;atenci\u00f3 de les possibles responsabilitats nascudes dels tractaments, aix\u00ed com per a l&#8217;exercici i defensa de reclamacions davant de l&#8217;Ag\u00e8ncia Espanyola de Protecci\u00f3 de Dades.<\/p>\n<p><b>Seguretat<\/b><br \/>Fem servir tots els esfor\u00e7os raonables per mantenir la confidencialitat de la informaci\u00f3 personal que es tracti en els nostres sistemes. Mantenim estrictes nivells de seguretat per protegir les dades de car\u00e0cter personal que processem davant de p\u00e8rdues fortu\u00eftes i accessos, tractaments o revelacions no autoritzats, tenint en compte l&#8217;estat de la tecnologia, la naturalesa i els riscos a qu\u00e8 estan exposades les dades. No obstant aix\u00f2, no podem responsabilitzar-nos de l&#8217;\u00fas que feu de les dades (incl\u00f2s usuari i contrasenya) que utilitzeu a la nostra web. El nostre personal segueix estrictes normes de privadesa i en el cas que contractem tercers per prestar serveis de suport, els exigim que acatin les mateixes normes i ens permetin auditar-los per verificar el seu compliment.<\/p>\n<p><b>Els seus drets<br \/><\/b>L&#8217;informem que podr\u00e0 exercir els drets seg\u00fcents:<\/p>\n<p>Dret d&#8217;acc\u00e9s a les vostres dades personals, per saber quines estan sent objecte de tractament i les operacions de tractament dutes a terme amb elles;<br \/>Dret de rectificaci\u00f3 de qualsevol dada personal inexacta;<br \/>Dret de supressi\u00f3 de les vostres dades personals, quan aix\u00f2 sigui possible (per exemple, per imperatiu legal);<br \/>Dret de limitaci\u00f3 del tractament de les vostres dades personals quan l&#8217;exactitud, la legalitat o la necessitat del tractament de les dades resulti dubtosa, i en este cas, podrem conservar-les per a l&#8217;exercici o la defensa de reclamacions.<br \/>Dret d&#8217;oposici\u00f3 al tractament de les vostres dades personals, quan la base legal que ens habiliti per al vostre tractament de les indicades sigui el nostre inter\u00e8s leg\u00edtim. COAST GAVA, SL deixar\u00e0 de tractar les teves dades tret que tingui un inter\u00e8s leg\u00edtim o sigui necessari per a la defensa de reclamacions.<br \/>Dret a la portabilitat de les vostres dades, quan la base legal que ens habiliti per al vostre tractament sigui l&#8217;exist\u00e8ncia d&#8217;una relaci\u00f3 contractual o el vostre consentiment.<br \/>Dret a revocar el consentiment atorgat a COAST GAVA, SL<br \/>Per exercitar els vostres drets, podeu fer-ho de manera gratu\u00efta i en qualsevol moment contactant amb nosaltres a l&#8217;adre\u00e7a Passatge de la Concepci\u00f3, 12, adjuntant c\u00f2pia del vostre DNI.<\/p>\n<p><b>Tutela de drets<br \/><\/b>En cas que entengueu que els vostres drets han estat desatesos per la nostra entitat, podeu formular una reclamaci\u00f3 a l&#8217;Ag\u00e8ncia Espanyola de Protecci\u00f3 de Dades, a trav\u00e9s d&#8217;algun dels mitjans seg\u00fcents:<\/p>\n<p>Seu electr\u00f2nica: https:\/\/www.aepd.es<br \/>Correu postal: Ag\u00e8ncia Espanyola de Protecci\u00f3 de Dades, C\/ Jorge Juan, 6, 28001, Madrid<br \/>Tel\u00e8fon: 901.100.099 i 912.663.517<br \/>Formular una reclamaci\u00f3 a l&#8217;Ag\u00e8ncia Espanyola de Protecci\u00f3 de Dades no comporta cap cost i no cal l&#8217;assist\u00e8ncia d&#8217;advocat ni procurador.<\/p>\n<p><b>Actualitzacions<\/b><br \/>COAST GAVA, SL es reserva el dret a modificar aquesta pol\u00edtica per adaptar-la a novetats legislatives o jurisprudencials que puguin afectar-ne el compliment.<\/p>\n\t\t\t\t\t\t\t\t<\/div>\n\t\t\t\t<\/div>\n\t\t\t\t<div class=\"elementor-element elementor-element-a2f52ec elementor-widget elementor-widget-spacer\" data-id=\"a2f52ec\" data-element_type=\"widget\" data-e-type=\"widget\" data-widget_type=\"spacer.default\">\n\t\t\t\t<div class=\"elementor-widget-container\">\n\t\t\t\t\t\t\t<div class=\"elementor-spacer\">\n\t\t\t<div class=\"elementor-spacer-inner\"><\/div>\n\t\t<\/div>\n\t\t\t\t\t\t<\/div>\n\t\t\t\t<\/div>\n\t\t\t\t\t<\/div>\n\t\t<\/div>\n\t\t\t\t\t<\/div>\n\t\t<\/section>\n\t\t\t\t<\/div>\n\t\t","protected":false},"excerpt":{"rendered":"<p>Pol\u00edtica de Privadesa i Protecci\u00f3 de dades En compliment del Reglament (UE) 2016\/679 del Parlament Europeu i del Consell, de 27 d&#8217;abril del 2016, relatiu a la protecci\u00f3 de les persones f\u00edsiques pel que fa al tractament de dades personals, pel qual es deroga la directiva 95 \/46\/CE (d&#8217;ara endavant, RGPD), de la Llei 34\/2002, [&hellip;]<\/p>\n","protected":false},"author":1,"featured_media":0,"parent":0,"menu_order":0,"comment_status":"closed","ping_status":"closed","template":"","meta":{"site-sidebar-layout":"no-sidebar","site-content-layout":"page-builder","ast-site-content-layout":"default","site-content-style":"default","site-sidebar-style":"default","ast-global-header-display":"","ast-banner-title-visibility":"","ast-main-header-display":"","ast-hfb-above-header-display":"","ast-hfb-below-header-display":"","ast-hfb-mobile-header-display":"","site-post-title":"disabled","ast-breadcrumbs-content":"","ast-featured-img":"disabled","footer-sml-layout":"","ast-disable-related-posts":"","theme-transparent-header-meta":"","adv-header-id-meta":"","stick-header-meta":"","header-above-stick-meta":"","header-main-stick-meta":"","header-below-stick-meta":"","astra-migrate-meta-layouts":"default","ast-page-background-enabled":"default","ast-page-background-meta":{"desktop":{"background-color":"var(--ast-global-color-4)","background-image":"","background-repeat":"repeat","background-position":"center center","background-size":"auto","background-attachment":"scroll","background-type":"","background-media":"","overlay-type":"","overlay-color":"","overlay-opacity":"","overlay-gradient":""},"tablet":{"background-color":"","background-image":"","background-repeat":"repeat","background-position":"center center","background-size":"auto","background-attachment":"scroll","background-type":"","background-media":"","overlay-type":"","overlay-color":"","overlay-opacity":"","overlay-gradient":""},"mobile":{"background-color":"","background-image":"","background-repeat":"repeat","background-position":"center center","background-size":"auto","background-attachment":"scroll","background-type":"","background-media":"","overlay-type":"","overlay-color":"","overlay-opacity":"","overlay-gradient":""}},"ast-content-background-meta":{"desktop":{"background-color":"var(--ast-global-color-5)","background-image":"","background-repeat":"repeat","background-position":"center center","background-size":"auto","background-attachment":"scroll","background-type":"","background-media":"","overlay-type":"","overlay-color":"","overlay-opacity":"","overlay-gradient":""},"tablet":{"background-color":"var(--ast-global-color-5)","background-image":"","background-repeat":"repeat","background-position":"center center","background-size":"auto","background-attachment":"scroll","background-type":"","background-media":"","overlay-type":"","overlay-color":"","overlay-opacity":"","overlay-gradient":""},"mobile":{"background-color":"var(--ast-global-color-5)","background-image":"","background-repeat":"repeat","background-position":"center center","background-size":"auto","background-attachment":"scroll","background-type":"","background-media":"","overlay-type":"","overlay-color":"","overlay-opacity":"","overlay-gradient":""}},"footnotes":""},"class_list":["post-5388","page","type-page","status-publish","hentry"],"yoast_head":"<!-- This site is optimized with the Yoast SEO plugin v25.1 - https:\/\/yoast.com\/wordpress\/plugins\/seo\/ -->\n<title>pol\u00edtica de privadesa - Playa Grande<\/title>\n<meta name=\"robots\" content=\"noindex, follow\" \/>\n<meta property=\"og:locale\" content=\"ca_ES\" \/>\n<meta property=\"og:type\" content=\"article\" \/>\n<meta property=\"og:title\" content=\"pol\u00edtica de privadesa - Playa Grande\" \/>\n<meta property=\"og:description\" content=\"Pol\u00edtica de Privadesa i Protecci\u00f3 de dades En compliment del Reglament (UE) 2016\/679 del Parlament Europeu i del Consell, de 27 d&#8217;abril del 2016, relatiu a la protecci\u00f3 de les persones f\u00edsiques pel que fa al tractament de dades personals, pel qual es deroga la directiva 95 \/46\/CE (d&#8217;ara endavant, RGPD), de la Llei 34\/2002, [&hellip;]\" \/>\n<meta property=\"og:url\" content=\"https:\/\/playagrande.cat\/ca\/politica-de-privadesa\/\" \/>\n<meta property=\"og:site_name\" content=\"Playa Grande\" \/>\n<meta property=\"article:publisher\" content=\"https:\/\/www.instagram.com\/playagrandetropical\/\" \/>\n<meta property=\"article:modified_time\" content=\"2023-06-23T05:46:01+00:00\" \/>\n<meta property=\"og:image\" content=\"https:\/\/playagrande.cat\/wp-content\/uploads\/2023\/05\/playa-grande-hero-eventosB.jpg\" \/>\n\t<meta property=\"og:image:width\" content=\"1920\" \/>\n\t<meta property=\"og:image:height\" content=\"1080\" \/>\n\t<meta property=\"og:image:type\" content=\"image\/jpeg\" \/>\n<meta name=\"twitter:card\" content=\"summary_large_image\" \/>\n<meta name=\"twitter:label1\" content=\"Temps estimat de lectura\" \/>\n\t<meta name=\"twitter:data1\" content=\"6 minuts\" \/>\n<script type=\"application\/ld+json\" class=\"yoast-schema-graph\">{\"@context\":\"https:\/\/schema.org\",\"@graph\":[{\"@type\":\"WebPage\",\"@id\":\"https:\/\/playagrande.cat\/ca\/politica-de-privadesa\/\",\"url\":\"https:\/\/playagrande.cat\/ca\/politica-de-privadesa\/\",\"name\":\"pol\u00edtica de privadesa - Playa Grande\",\"isPartOf\":{\"@id\":\"https:\/\/playagrande.cat\/ca\/#website\"},\"datePublished\":\"2023-04-23T15:18:41+00:00\",\"dateModified\":\"2023-06-23T05:46:01+00:00\",\"breadcrumb\":{\"@id\":\"https:\/\/playagrande.cat\/ca\/politica-de-privadesa\/#breadcrumb\"},\"inLanguage\":\"ca\",\"potentialAction\":[{\"@type\":\"ReadAction\",\"target\":[\"https:\/\/playagrande.cat\/ca\/politica-de-privadesa\/\"]}]},{\"@type\":\"BreadcrumbList\",\"@id\":\"https:\/\/playagrande.cat\/ca\/politica-de-privadesa\/#breadcrumb\",\"itemListElement\":[{\"@type\":\"ListItem\",\"position\":1,\"name\":\"Portada\",\"item\":\"https:\/\/playagrande.cat\/ca\/\"},{\"@type\":\"ListItem\",\"position\":2,\"name\":\"pol\u00edtica de privadesa\"}]},{\"@type\":\"WebSite\",\"@id\":\"https:\/\/playagrande.cat\/ca\/#website\",\"url\":\"https:\/\/playagrande.cat\/ca\/\",\"name\":\"Playa Grande | Adults Only\",\"description\":\"\",\"publisher\":{\"@id\":\"https:\/\/playagrande.cat\/ca\/#organization\"},\"alternateName\":\"Hotel resort en Gav\u00e0\",\"potentialAction\":[{\"@type\":\"SearchAction\",\"target\":{\"@type\":\"EntryPoint\",\"urlTemplate\":\"https:\/\/playagrande.cat\/ca\/?s={search_term_string}\"},\"query-input\":{\"@type\":\"PropertyValueSpecification\",\"valueRequired\":true,\"valueName\":\"search_term_string\"}}],\"inLanguage\":\"ca\"},{\"@type\":\"Organization\",\"@id\":\"https:\/\/playagrande.cat\/ca\/#organization\",\"name\":\"COAST GAVA, S.L\",\"url\":\"https:\/\/playagrande.cat\/ca\/\",\"logo\":{\"@type\":\"ImageObject\",\"inLanguage\":\"ca\",\"@id\":\"https:\/\/playagrande.cat\/ca\/#\/schema\/logo\/image\/\",\"url\":\"https:\/\/playagrande.cat\/wp-content\/uploads\/2023\/04\/logo-header-marro.png\",\"contentUrl\":\"https:\/\/playagrande.cat\/wp-content\/uploads\/2023\/04\/logo-header-marro.png\",\"width\":294,\"height\":66,\"caption\":\"COAST GAVA, S.L\"},\"image\":{\"@id\":\"https:\/\/playagrande.cat\/ca\/#\/schema\/logo\/image\/\"},\"sameAs\":[\"https:\/\/www.instagram.com\/playagrandetropical\/\"]}]}<\/script>\n<!-- \/ Yoast SEO plugin. -->","yoast_head_json":{"title":"pol\u00edtica de privadesa - Playa Grande","robots":{"index":"noindex","follow":"follow"},"og_locale":"ca_ES","og_type":"article","og_title":"pol\u00edtica de privadesa - Playa Grande","og_description":"Pol\u00edtica de Privadesa i Protecci\u00f3 de dades En compliment del Reglament (UE) 2016\/679 del Parlament Europeu i del Consell, de 27 d&#8217;abril del 2016, relatiu a la protecci\u00f3 de les persones f\u00edsiques pel que fa al tractament de dades personals, pel qual es deroga la directiva 95 \/46\/CE (d&#8217;ara endavant, RGPD), de la Llei 34\/2002, [&hellip;]","og_url":"https:\/\/playagrande.cat\/ca\/politica-de-privadesa\/","og_site_name":"Playa Grande","article_publisher":"https:\/\/www.instagram.com\/playagrandetropical\/","article_modified_time":"2023-06-23T05:46:01+00:00","og_image":[{"width":1920,"height":1080,"url":"https:\/\/playagrande.cat\/wp-content\/uploads\/2023\/05\/playa-grande-hero-eventosB.jpg","type":"image\/jpeg"}],"twitter_card":"summary_large_image","twitter_misc":{"Temps estimat de lectura":"6 minuts"},"schema":{"@context":"https:\/\/schema.org","@graph":[{"@type":"WebPage","@id":"https:\/\/playagrande.cat\/ca\/politica-de-privadesa\/","url":"https:\/\/playagrande.cat\/ca\/politica-de-privadesa\/","name":"pol\u00edtica de privadesa - Playa Grande","isPartOf":{"@id":"https:\/\/playagrande.cat\/ca\/#website"},"datePublished":"2023-04-23T15:18:41+00:00","dateModified":"2023-06-23T05:46:01+00:00","breadcrumb":{"@id":"https:\/\/playagrande.cat\/ca\/politica-de-privadesa\/#breadcrumb"},"inLanguage":"ca","potentialAction":[{"@type":"ReadAction","target":["https:\/\/playagrande.cat\/ca\/politica-de-privadesa\/"]}]},{"@type":"BreadcrumbList","@id":"https:\/\/playagrande.cat\/ca\/politica-de-privadesa\/#breadcrumb","itemListElement":[{"@type":"ListItem","position":1,"name":"Portada","item":"https:\/\/playagrande.cat\/ca\/"},{"@type":"ListItem","position":2,"name":"pol\u00edtica de privadesa"}]},{"@type":"WebSite","@id":"https:\/\/playagrande.cat\/ca\/#website","url":"https:\/\/playagrande.cat\/ca\/","name":"Playa Grande | Adults Only","description":"","publisher":{"@id":"https:\/\/playagrande.cat\/ca\/#organization"},"alternateName":"Hotel resort en Gav\u00e0","potentialAction":[{"@type":"SearchAction","target":{"@type":"EntryPoint","urlTemplate":"https:\/\/playagrande.cat\/ca\/?s={search_term_string}"},"query-input":{"@type":"PropertyValueSpecification","valueRequired":true,"valueName":"search_term_string"}}],"inLanguage":"ca"},{"@type":"Organization","@id":"https:\/\/playagrande.cat\/ca\/#organization","name":"COAST GAVA, S.L","url":"https:\/\/playagrande.cat\/ca\/","logo":{"@type":"ImageObject","inLanguage":"ca","@id":"https:\/\/playagrande.cat\/ca\/#\/schema\/logo\/image\/","url":"https:\/\/playagrande.cat\/wp-content\/uploads\/2023\/04\/logo-header-marro.png","contentUrl":"https:\/\/playagrande.cat\/wp-content\/uploads\/2023\/04\/logo-header-marro.png","width":294,"height":66,"caption":"COAST GAVA, S.L"},"image":{"@id":"https:\/\/playagrande.cat\/ca\/#\/schema\/logo\/image\/"},"sameAs":["https:\/\/www.instagram.com\/playagrandetropical\/"]}]}},"_links":{"self":[{"href":"https:\/\/playagrande.cat\/ca\/wp-json\/wp\/v2\/pages\/5388","targetHints":{"allow":["GET"]}}],"collection":[{"href":"https:\/\/playagrande.cat\/ca\/wp-json\/wp\/v2\/pages"}],"about":[{"href":"https:\/\/playagrande.cat\/ca\/wp-json\/wp\/v2\/types\/page"}],"author":[{"embeddable":true,"href":"https:\/\/playagrande.cat\/ca\/wp-json\/wp\/v2\/users\/1"}],"replies":[{"embeddable":true,"href":"https:\/\/playagrande.cat\/ca\/wp-json\/wp\/v2\/comments?post=5388"}],"version-history":[{"count":4,"href":"https:\/\/playagrande.cat\/ca\/wp-json\/wp\/v2\/pages\/5388\/revisions"}],"predecessor-version":[{"id":5777,"href":"https:\/\/playagrande.cat\/ca\/wp-json\/wp\/v2\/pages\/5388\/revisions\/5777"}],"wp:attachment":[{"href":"https:\/\/playagrande.cat\/ca\/wp-json\/wp\/v2\/media?parent=5388"}],"curies":[{"name":"wp","href":"https:\/\/api.w.org\/{rel}","templated":true}]}}