{"id":5353,"date":"2023-04-23T17:10:18","date_gmt":"2023-04-23T15:10:18","guid":{"rendered":"https:\/\/playagrande.cat\/avis-legal\/"},"modified":"2023-06-23T07:45:34","modified_gmt":"2023-06-23T05:45:34","slug":"avis-legal","status":"publish","type":"page","link":"https:\/\/playagrande.cat\/ca\/avis-legal\/","title":{"rendered":"avis legal"},"content":{"rendered":"\t\t<div data-elementor-type=\"wp-page\" data-elementor-id=\"5353\" class=\"elementor elementor-5353 elementor-2915\" data-elementor-post-type=\"page\">\n\t\t\t\t\t\t<section class=\"elementor-section elementor-top-section elementor-element elementor-element-76d4582 elementor-section-boxed elementor-section-height-default elementor-section-height-default\" data-id=\"76d4582\" data-element_type=\"section\" data-e-type=\"section\">\n\t\t\t\t\t\t<div class=\"elementor-container elementor-column-gap-default\">\n\t\t\t\t\t<div class=\"elementor-column elementor-col-100 elementor-top-column elementor-element elementor-element-a13a0dc\" data-id=\"a13a0dc\" data-element_type=\"column\" data-e-type=\"column\">\n\t\t\t<div class=\"elementor-widget-wrap elementor-element-populated\">\n\t\t\t\t\t\t<div class=\"elementor-element elementor-element-b42af0c elementor-widget elementor-widget-spacer\" data-id=\"b42af0c\" data-element_type=\"widget\" data-e-type=\"widget\" data-widget_type=\"spacer.default\">\n\t\t\t\t<div class=\"elementor-widget-container\">\n\t\t\t\t\t\t\t<div class=\"elementor-spacer\">\n\t\t\t<div class=\"elementor-spacer-inner\"><\/div>\n\t\t<\/div>\n\t\t\t\t\t\t<\/div>\n\t\t\t\t<\/div>\n\t\t\t\t<div class=\"elementor-element elementor-element-72f4e2c elementor-widget elementor-widget-heading\" data-id=\"72f4e2c\" data-element_type=\"widget\" data-e-type=\"widget\" data-widget_type=\"heading.default\">\n\t\t\t\t<div class=\"elementor-widget-container\">\n\t\t\t\t\t<h2 class=\"elementor-heading-title elementor-size-default\">Av\u00eds Legal<\/h2>\t\t\t\t<\/div>\n\t\t\t\t<\/div>\n\t\t\t\t<div class=\"elementor-element elementor-element-e268a84 elementor-widget elementor-widget-spacer\" data-id=\"e268a84\" data-element_type=\"widget\" data-e-type=\"widget\" data-widget_type=\"spacer.default\">\n\t\t\t\t<div class=\"elementor-widget-container\">\n\t\t\t\t\t\t\t<div class=\"elementor-spacer\">\n\t\t\t<div class=\"elementor-spacer-inner\"><\/div>\n\t\t<\/div>\n\t\t\t\t\t\t<\/div>\n\t\t\t\t<\/div>\n\t\t\t\t<div class=\"elementor-element elementor-element-44dd67a elementor-widget elementor-widget-text-editor\" data-id=\"44dd67a\" data-element_type=\"widget\" data-e-type=\"widget\" data-widget_type=\"text-editor.default\">\n\t\t\t\t<div class=\"elementor-widget-container\">\n\t\t\t\t\t\t\t\t\t<p>En el presente Aviso Legal, el Usuario, podr\u00e1 encontrar toda la informaci\u00f3n relativa a las condiciones legales que definen las relaciones entre los usuarios y el responsable de la p\u00e1gina web accesible en la direcci\u00f3n URL https:\/\/playagrande.cat (en adelante, el sitio web), que COAST GAVA, SL pone a disposici\u00f3n de los usuarios de Internet.<br \/>La utilitzaci\u00f3 del lloc web implica l&#8217;acceptaci\u00f3 plena i sense reserves de totes i cadascuna de les disposicions incloses en aquest Av\u00eds Legal. En conseq\u00fc\u00e8ncia, l&#8217;usuari del lloc web ha de llegir atentament aquest Av\u00eds Legal en cadascuna de les ocasions en qu\u00e8 es proposi utilitzar el web, ja que el text podria patir modificacions a criteri del titular del web, oa causa d&#8217;un canvi legislatiu , jurisprudencial oa la pr\u00e0ctica empresarial.<\/p>\n<p><strong>1.- DADES DEL RESPONSABLE TITULAR DEL LLOC WEB.<\/strong><br \/>Nom del titular: COAST GAVA, S.L<br \/>Domicili social: Passatge de la Concepci\u00f3, 12<br \/>C.I.F.: B16898405<br \/>Tel\u00e8fon de contacte: 936330062<br \/>Correu electr\u00f2nic: rrhh@playagrande.cat<\/p>\n<p>COAST GAVA, S.L \u00e9s el responsable del Lloc Web i es compromet a complir tots els requisits nacionals i europeus que regulen l&#8217;\u00fas de les dades personals dels usuaris.<\/p>\n<p>Aquest Lloc Web garanteix la protecci\u00f3 i la confidencialitat de les dades personals que ens proporcionin d&#8217;acord amb el que disposa el Reglament General de Protecci\u00f3 de Dades de Car\u00e0cter Personal (UE) 2016\/679 del Parlament Europeu i del Consell, de 27 d&#8217;abril de 2016 , a la Llei Org\u00e0nica 3\/2018, de Protecci\u00f3 de Dades Personals i garantia dels drets digitals, aix\u00ed com a la Llei de Serveis de la Societat de la Informaci\u00f3 i Comer\u00e7 Electr\u00f2nic 34\/2002 de 11 de Juliol (LSSI-CE)<\/p>\n<p><strong>2.- OBJECTE.<\/strong><br \/>El lloc web facilita als usuaris del mateix l&#8217;acc\u00e9s a informaci\u00f3 i serveis prestats per COAST GAVA, SL d&#8217;aquelles persones o organitzacions interessades en aquests.<\/p>\n<p>L&#8217;acc\u00e9s i la utilitzaci\u00f3 del Lloc Web atribueix la condici\u00f3 d&#8217;usuari del Lloc Web (d&#8217;ara endavant, \u201cl&#8217;Usuari\u201d) i implica l&#8217;acceptaci\u00f3 de totes les condicions incloses en aquest Av\u00eds Legal aix\u00ed com de les seves modificacions. La prestaci\u00f3 del servei del Lloc Web t\u00e9 una durada limitada al moment en qu\u00e8 l&#8217;Usuari estigui connectat al Lloc Web oa algun dels serveis que a trav\u00e9s del mateix es faciliten. Per tant, l&#8217;Usuari ha de llegir atentament aquest Av\u00eds Legal en cadascuna de les ocasions en qu\u00e8 es proposi utilitzar el Lloc Web, ja que aquest i les seves condicions d&#8217;\u00fas recollides al present Av\u00eds Legal poden patir modificacions.<\/p>\n<p><strong>3.- ACC\u00c9S I UTILITZACI\u00d3 DEL WEB.<\/strong><br \/>3.1.- Car\u00e0cter gratu\u00eft de l&#8217;acc\u00e9s i la utilitzaci\u00f3 de la web. L&#8217;acc\u00e9s a la web t\u00e9 car\u00e0cter gratu\u00eft per als usuaris de la mateixa, llevat del cost de la connexi\u00f3 a trav\u00e9s de la xarxa de telecomunicacions subministrada pel prove\u00efdor d&#8217;acc\u00e9s contractat pels usuaris.<br \/>3.2.- Registre dusuaris. Amb car\u00e0cter general l&#8217;acc\u00e9s i la utilitzaci\u00f3 de la web no exigeix \u200b\u200bla pr\u00e8via subscripci\u00f3 o registre dels usuaris de la web.<br \/>3.3.- Els usuaris garanteixen i responen, en qualsevol cas, de l&#8217;exactitud, vig\u00e8ncia i autenticitat de les dades personals facilitades, i es comprometen a mantenir-les degudament actualitzades. L&#8217;usuari accepta proporcionar informaci\u00f3 completa i correcta al formulari de contacte o subscripci\u00f3.<\/p>\n<p>En cap cas no es demanaran del menor d&#8217;edat dades relatives a la situaci\u00f3 professional, econ\u00f2mica oa la intimitat dels altres membres de la fam\u00edlia, sense el seu consentiment. Si ets menor de tretze anys i has accedit a aquest lloc web sense avisar els teus pares no t&#8217;has de registrar com a usuari.<\/p>\n<p>En aquesta web es respecten i cuiden les dades personals dels usuaris. Com a usuari has de saber que els teus drets estan garantits.<\/p>\n<p><strong>4.- CONTINGUTS DE LA WEB.<\/strong><br \/>L&#8217;idioma utilitzat pel titular a la web ser\u00e0 el castell\u00e0. COAST GAVA, SL no es responsabilitza de la no comprensi\u00f3 o entesa de l&#8217;idioma de la web per l&#8217;usuari, ni de les conseq\u00fc\u00e8ncies.<br \/>COAST GAVA, SL podr\u00e0 modificar els continguts sense previ av\u00eds, aix\u00ed com suprimir i canviar aquests dins de la web, com la forma en qu\u00e8 s&#8217;accedeix a aquests, sense cap justificaci\u00f3 i lliurement, no responsabilitzant-se de les conseq\u00fc\u00e8ncies que aquests puguin ocasionar a els usuaris.<br \/>Es prohibeix l&#8217;\u00fas dels continguts de la web per promocionar, contractar o divulgar publicitat o informaci\u00f3 pr\u00f2pia o de terceres persones sense l&#8217;autoritzaci\u00f3 de COAST GAVA, SL, ni remetre publicitat o informaci\u00f3 fent servir els serveis o informaci\u00f3 que es posen a disposici\u00f3 dels usuaris, independentment de si la utilitzaci\u00f3 \u00e9s gratu\u00efta o no.<br \/>Els enlla\u00e7os o hiperenlla\u00e7os que incorporin tercers a les seves p\u00e0gines web, dirigits a aquesta web, seran per a l&#8217;obertura de la p\u00e0gina web completa, no podent manifestar, directament o indirectament, indicacions falses, inexactes o confuses, ni inc\u00f3rrer en accions deslleials o il\u00b7l\u00edcites en contra COAST GAVA, SL.<\/p>\n<p><strong>5.- MESURES DE SEGURETAT.<\/strong><br \/>Les dades personals comunicades per l&#8217;usuari podran ser emmagatzemades en bases de dades automatitzades o no, la titularitat de les quals correspon en exclusiva a COAST GAVA, SL, assumint totes les mesures d&#8217;\u00edndole t\u00e8cnica, organitzativa i de seguretat que garanteixin la confidencialitat, integritat i qualitat de la informaci\u00f3 continguda en aquestes dacord amb el que estableixen les normatives vigents en mat\u00e8ria de protecci\u00f3 de dades de car\u00e0cter personal.<\/p>\n<p><strong>6.- LIMITACI\u00d3 DE RESPONSABILITAT.<\/strong><br \/>Tant l&#8217;acc\u00e9s a la web com l&#8217;\u00fas no consentit que es pugui efectuar de la informaci\u00f3 que cont\u00e9 \u00e9s de l&#8217;exclusiva responsabilitat de qui el realitza. COAST GAVA, SL no respondr\u00e0 de cap conseq\u00fc\u00e8ncia, dany o perjudici que poguessin derivar-se del dit acc\u00e9s o \u00fas. COAST GAVA, SL no es fa responsable dels errors de seguretat, que es puguin produir ni dels danys que puguin causar-se al sistema inform\u00e0tic de l&#8217;usuari (hardware i software), o als fitxers o documents emmagatzemats en aquest, com a conseq\u00fc\u00e8ncia de:<br \/>&#8211; la pres\u00e8ncia d&#8217;un virus a l&#8217;ordinador de l&#8217;usuari que sigui utilitzat per a la connexi\u00f3 als serveis i continguts de la web.<br \/>\u2013 un mal funcionament del navegador.<br \/>\u2013 i\/o de l&#8217;\u00fas de versions no actualitzades.<br \/>COAST GAVA, SL no es fa responsable de la fiabilitat i rapidesa dels hiperenlla\u00e7os que s&#8217;incorporin a la web per a l&#8217;obertura d&#8217;altres. COAST GAVA, SL no garanteix la utilitat d&#8217;aquests enlla\u00e7os, ni es responsabilitza dels continguts o serveis als quals l&#8217;usuari pugui accedir per mitj\u00e0 d&#8217;aquests enlla\u00e7os, ni del bon funcionament d&#8217;aquestes webs.<br \/>COAST GAVA, SL no ser\u00e0 responsable dels virus o altres programes inform\u00e0tics que deteriorin o puguin deteriorar els sistemes o equips inform\u00e0tics dels usuaris en accedir a la seva web o altres webs a qu\u00e8 s&#8217;hagi accedit mitjan\u00e7ant enlla\u00e7os d&#8217;aquest web.<\/p>\n<p><strong>7.- OCUPACI\u00d3 DE LA TECNOLOGIA DE GALETES.<\/strong><br \/>El Lloc Web pot emprar galetes o tecnologies similars que es regiran per all\u00f2 establert a la Pol\u00edtica de galetes, accessible en tot moment i respectant la confidencialitat i intimitat de l&#8217;usuari, sent part integrant del present Av\u00eds Legal.<\/p>\n<p><strong>8.- NAVEGACI\u00d3.<\/strong><br \/>Els servidors d&#8217;Internet poden recollir dades no identificables, que puguin incloure, adreces IP, i altres dades que no poden ser utilitzades per identificar l&#8217;usuari. La vostra adre\u00e7a IP s&#8217;emmagatzemar\u00e0 als registres d&#8217;acc\u00e9s de forma autom\u00e0tica i amb l&#8217;\u00fanica finalitat de permetre el tr\u00e0nsit per Internet, i \u00e9s necessari que el vostre equip faciliti aquesta adre\u00e7a IP quan navega per Internet perqu\u00e8 les comunicacions es puguin fer. Aix\u00ed mateix, l&#8217;adre\u00e7a IP podr\u00e0 ser utilitzada per fer estad\u00edstiques, de manera anonimitzada, sobre el nombre de visitants d&#8217;aquest web i la seva proced\u00e8ncia, de manera totalment transparent a la vostra navegaci\u00f3.<\/p>\n<p><strong>9.- PROPIETAT INTEL\u00b7LECTUAL I INDUSTRIAL<\/strong><br \/>L&#8217;usuari coneix i accepta que tots els continguts i\/o qualsevol altre element del lloc web s\u00f3n propietat de COAST GAVA, SL, i es compromet a respectar els drets de propietat intel\u00b7lectual i industrial titularitat de COAST GAVA, SL. Qualsevol \u00fas de la web o els seus continguts haur\u00e0 de tenir un car\u00e0cter exclusivament particular.<br \/>Est\u00e0 reservat exclusivament a COAST GAVA, SL, qualsevol altre \u00fas que suposi la c\u00f2pia, reproducci\u00f3, distribuci\u00f3, transformaci\u00f3, comunicaci\u00f3 p\u00fablica o qualsevol altra acci\u00f3 similar, de tot o part dels continguts de la web, per la qual cosa cap usuari podr\u00e0 portar a aquestes accions sense l&#8217;autoritzaci\u00f3 pr\u00e8via i per escrit de COAST GAVA, SL.<\/p>\n<p><strong>10.- LEGISLACI\u00d3 APLICABLE I JURISDICCI\u00d3 COMPETENT<\/strong><br \/>Aquest Av\u00eds Legal s&#8217;interpretar\u00e0 i es regir\u00e0 de conformitat amb la legislaci\u00f3 espanyola. COAST GAVA, SL i els usuaris, amb ren\u00fancia expressa a qualsevol altre fur que els pogu\u00e9s correspondre, se sotmeten al dels jutjats i tribunals del domicili de l&#8217;usuari per a qualsevol controv\u00e8rsia que pogu\u00e9s derivar-se de l&#8217;acc\u00e9s o \u00fas del web. En cas que l&#8217;usuari tingui el domicili fora d&#8217;Espanya, COAST GAVA, SL i l&#8217;usuari, se sotmeten, amb ren\u00fancia expressa a qualsevol altre fur, als jutjats i tribunals del domicili de Barcelona.<\/p>\n<p>En aquest Av\u00eds Legal, l&#8217;Usuari podr\u00e0 trobar tota la informaci\u00f3 relacionada amb les condicions legals que defineixen les relacions entre els usuaris i la persona responsable de la p\u00e0gina web accessible a la URL https:\/\/playagrande.cat (d&#8217;ara endavant, el lloc web), que COAST GAVA, SL posa a la disposici\u00f3 dels usuaris d&#8217;Internet.<br \/>L&#8217;\u00fas del lloc web implica l&#8217;acceptaci\u00f3 plena i sense reserves de totes i cadascuna de les disposicions incloses en aquest Av\u00eds Legal. En conseq\u00fc\u00e8ncia, l&#8217;usuari del lloc web ha de llegir atentament aquest Av\u00eds legal en cadascuna de les ocasions en qu\u00e8 tingueu la intenci\u00f3 d&#8217;utilitzar el lloc web, ja que el text podria modificar-se a discreci\u00f3 del propietari del lloc web, a causa d&#8217;un canvi legislatiu, jurisprudencial o la pr\u00e0ctica empresarial.<\/p>\n\t\t\t\t\t\t\t\t<\/div>\n\t\t\t\t<\/div>\n\t\t\t\t<div class=\"elementor-element elementor-element-fef2e6b elementor-widget elementor-widget-spacer\" data-id=\"fef2e6b\" data-element_type=\"widget\" data-e-type=\"widget\" data-widget_type=\"spacer.default\">\n\t\t\t\t<div class=\"elementor-widget-container\">\n\t\t\t\t\t\t\t<div class=\"elementor-spacer\">\n\t\t\t<div class=\"elementor-spacer-inner\"><\/div>\n\t\t<\/div>\n\t\t\t\t\t\t<\/div>\n\t\t\t\t<\/div>\n\t\t\t\t\t<\/div>\n\t\t<\/div>\n\t\t\t\t\t<\/div>\n\t\t<\/section>\n\t\t\t\t<\/div>\n\t\t","protected":false},"excerpt":{"rendered":"<p>Av\u00eds Legal En el presente Aviso Legal, el Usuario, podr\u00e1 encontrar toda la informaci\u00f3n relativa a las condiciones legales que definen las relaciones entre los usuarios y el responsable de la p\u00e1gina web accesible en la direcci\u00f3n URL https:\/\/playagrande.cat (en adelante, el sitio web), que COAST GAVA, SL pone a disposici\u00f3n de los usuarios de [&hellip;]<\/p>\n","protected":false},"author":1,"featured_media":0,"parent":0,"menu_order":0,"comment_status":"closed","ping_status":"closed","template":"","meta":{"site-sidebar-layout":"no-sidebar","site-content-layout":"page-builder","ast-site-content-layout":"default","site-content-style":"default","site-sidebar-style":"default","ast-global-header-display":"","ast-banner-title-visibility":"","ast-main-header-display":"","ast-hfb-above-header-display":"","ast-hfb-below-header-display":"","ast-hfb-mobile-header-display":"","site-post-title":"disabled","ast-breadcrumbs-content":"","ast-featured-img":"disabled","footer-sml-layout":"","ast-disable-related-posts":"","theme-transparent-header-meta":"","adv-header-id-meta":"","stick-header-meta":"","header-above-stick-meta":"","header-main-stick-meta":"","header-below-stick-meta":"","astra-migrate-meta-layouts":"default","ast-page-background-enabled":"default","ast-page-background-meta":{"desktop":{"background-color":"var(--ast-global-color-4)","background-image":"","background-repeat":"repeat","background-position":"center center","background-size":"auto","background-attachment":"scroll","background-type":"","background-media":"","overlay-type":"","overlay-color":"","overlay-opacity":"","overlay-gradient":""},"tablet":{"background-color":"","background-image":"","background-repeat":"repeat","background-position":"center center","background-size":"auto","background-attachment":"scroll","background-type":"","background-media":"","overlay-type":"","overlay-color":"","overlay-opacity":"","overlay-gradient":""},"mobile":{"background-color":"","background-image":"","background-repeat":"repeat","background-position":"center center","background-size":"auto","background-attachment":"scroll","background-type":"","background-media":"","overlay-type":"","overlay-color":"","overlay-opacity":"","overlay-gradient":""}},"ast-content-background-meta":{"desktop":{"background-color":"var(--ast-global-color-5)","background-image":"","background-repeat":"repeat","background-position":"center center","background-size":"auto","background-attachment":"scroll","background-type":"","background-media":"","overlay-type":"","overlay-color":"","overlay-opacity":"","overlay-gradient":""},"tablet":{"background-color":"var(--ast-global-color-5)","background-image":"","background-repeat":"repeat","background-position":"center center","background-size":"auto","background-attachment":"scroll","background-type":"","background-media":"","overlay-type":"","overlay-color":"","overlay-opacity":"","overlay-gradient":""},"mobile":{"background-color":"var(--ast-global-color-5)","background-image":"","background-repeat":"repeat","background-position":"center center","background-size":"auto","background-attachment":"scroll","background-type":"","background-media":"","overlay-type":"","overlay-color":"","overlay-opacity":"","overlay-gradient":""}},"footnotes":""},"class_list":["post-5353","page","type-page","status-publish","hentry"],"yoast_head":"<!-- This site is optimized with the Yoast SEO plugin v25.1 - https:\/\/yoast.com\/wordpress\/plugins\/seo\/ -->\n<title>avis legal - Playa Grande<\/title>\n<meta name=\"robots\" content=\"noindex, follow\" \/>\n<meta property=\"og:locale\" content=\"ca_ES\" \/>\n<meta property=\"og:type\" content=\"article\" \/>\n<meta property=\"og:title\" content=\"avis legal - Playa Grande\" \/>\n<meta property=\"og:description\" content=\"Av\u00eds Legal En el presente Aviso Legal, el Usuario, podr\u00e1 encontrar toda la informaci\u00f3n relativa a las condiciones legales que definen las relaciones entre los usuarios y el responsable de la p\u00e1gina web accesible en la direcci\u00f3n URL https:\/\/playagrande.cat (en adelante, el sitio web), que COAST GAVA, SL pone a disposici\u00f3n de los usuarios de [&hellip;]\" \/>\n<meta property=\"og:url\" content=\"https:\/\/playagrande.cat\/ca\/avis-legal\/\" \/>\n<meta property=\"og:site_name\" content=\"Playa Grande\" \/>\n<meta property=\"article:publisher\" content=\"https:\/\/www.instagram.com\/playagrandetropical\/\" \/>\n<meta property=\"article:modified_time\" content=\"2023-06-23T05:45:34+00:00\" \/>\n<meta property=\"og:image\" content=\"https:\/\/playagrande.cat\/wp-content\/uploads\/2023\/05\/playa-grande-hero-eventosB.jpg\" \/>\n\t<meta property=\"og:image:width\" content=\"1920\" \/>\n\t<meta property=\"og:image:height\" content=\"1080\" \/>\n\t<meta property=\"og:image:type\" content=\"image\/jpeg\" \/>\n<meta name=\"twitter:card\" content=\"summary_large_image\" \/>\n<meta name=\"twitter:label1\" content=\"Temps estimat de lectura\" \/>\n\t<meta name=\"twitter:data1\" content=\"8 minuts\" \/>\n<script type=\"application\/ld+json\" class=\"yoast-schema-graph\">{\"@context\":\"https:\/\/schema.org\",\"@graph\":[{\"@type\":\"WebPage\",\"@id\":\"https:\/\/playagrande.cat\/ca\/avis-legal\/\",\"url\":\"https:\/\/playagrande.cat\/ca\/avis-legal\/\",\"name\":\"avis legal - Playa Grande\",\"isPartOf\":{\"@id\":\"https:\/\/playagrande.cat\/ca\/#website\"},\"datePublished\":\"2023-04-23T15:10:18+00:00\",\"dateModified\":\"2023-06-23T05:45:34+00:00\",\"breadcrumb\":{\"@id\":\"https:\/\/playagrande.cat\/ca\/avis-legal\/#breadcrumb\"},\"inLanguage\":\"ca\",\"potentialAction\":[{\"@type\":\"ReadAction\",\"target\":[\"https:\/\/playagrande.cat\/ca\/avis-legal\/\"]}]},{\"@type\":\"BreadcrumbList\",\"@id\":\"https:\/\/playagrande.cat\/ca\/avis-legal\/#breadcrumb\",\"itemListElement\":[{\"@type\":\"ListItem\",\"position\":1,\"name\":\"Portada\",\"item\":\"https:\/\/playagrande.cat\/ca\/\"},{\"@type\":\"ListItem\",\"position\":2,\"name\":\"avis legal\"}]},{\"@type\":\"WebSite\",\"@id\":\"https:\/\/playagrande.cat\/ca\/#website\",\"url\":\"https:\/\/playagrande.cat\/ca\/\",\"name\":\"Playa Grande | Adults Only\",\"description\":\"\",\"publisher\":{\"@id\":\"https:\/\/playagrande.cat\/ca\/#organization\"},\"alternateName\":\"Hotel resort en Gav\u00e0\",\"potentialAction\":[{\"@type\":\"SearchAction\",\"target\":{\"@type\":\"EntryPoint\",\"urlTemplate\":\"https:\/\/playagrande.cat\/ca\/?s={search_term_string}\"},\"query-input\":{\"@type\":\"PropertyValueSpecification\",\"valueRequired\":true,\"valueName\":\"search_term_string\"}}],\"inLanguage\":\"ca\"},{\"@type\":\"Organization\",\"@id\":\"https:\/\/playagrande.cat\/ca\/#organization\",\"name\":\"COAST GAVA, S.L\",\"url\":\"https:\/\/playagrande.cat\/ca\/\",\"logo\":{\"@type\":\"ImageObject\",\"inLanguage\":\"ca\",\"@id\":\"https:\/\/playagrande.cat\/ca\/#\/schema\/logo\/image\/\",\"url\":\"https:\/\/playagrande.cat\/wp-content\/uploads\/2023\/04\/logo-header-marro.png\",\"contentUrl\":\"https:\/\/playagrande.cat\/wp-content\/uploads\/2023\/04\/logo-header-marro.png\",\"width\":294,\"height\":66,\"caption\":\"COAST GAVA, S.L\"},\"image\":{\"@id\":\"https:\/\/playagrande.cat\/ca\/#\/schema\/logo\/image\/\"},\"sameAs\":[\"https:\/\/www.instagram.com\/playagrandetropical\/\"]}]}<\/script>\n<!-- \/ Yoast SEO plugin. -->","yoast_head_json":{"title":"avis legal - Playa Grande","robots":{"index":"noindex","follow":"follow"},"og_locale":"ca_ES","og_type":"article","og_title":"avis legal - Playa Grande","og_description":"Av\u00eds Legal En el presente Aviso Legal, el Usuario, podr\u00e1 encontrar toda la informaci\u00f3n relativa a las condiciones legales que definen las relaciones entre los usuarios y el responsable de la p\u00e1gina web accesible en la direcci\u00f3n URL https:\/\/playagrande.cat (en adelante, el sitio web), que COAST GAVA, SL pone a disposici\u00f3n de los usuarios de [&hellip;]","og_url":"https:\/\/playagrande.cat\/ca\/avis-legal\/","og_site_name":"Playa Grande","article_publisher":"https:\/\/www.instagram.com\/playagrandetropical\/","article_modified_time":"2023-06-23T05:45:34+00:00","og_image":[{"width":1920,"height":1080,"url":"https:\/\/playagrande.cat\/wp-content\/uploads\/2023\/05\/playa-grande-hero-eventosB.jpg","type":"image\/jpeg"}],"twitter_card":"summary_large_image","twitter_misc":{"Temps estimat de lectura":"8 minuts"},"schema":{"@context":"https:\/\/schema.org","@graph":[{"@type":"WebPage","@id":"https:\/\/playagrande.cat\/ca\/avis-legal\/","url":"https:\/\/playagrande.cat\/ca\/avis-legal\/","name":"avis legal - Playa Grande","isPartOf":{"@id":"https:\/\/playagrande.cat\/ca\/#website"},"datePublished":"2023-04-23T15:10:18+00:00","dateModified":"2023-06-23T05:45:34+00:00","breadcrumb":{"@id":"https:\/\/playagrande.cat\/ca\/avis-legal\/#breadcrumb"},"inLanguage":"ca","potentialAction":[{"@type":"ReadAction","target":["https:\/\/playagrande.cat\/ca\/avis-legal\/"]}]},{"@type":"BreadcrumbList","@id":"https:\/\/playagrande.cat\/ca\/avis-legal\/#breadcrumb","itemListElement":[{"@type":"ListItem","position":1,"name":"Portada","item":"https:\/\/playagrande.cat\/ca\/"},{"@type":"ListItem","position":2,"name":"avis legal"}]},{"@type":"WebSite","@id":"https:\/\/playagrande.cat\/ca\/#website","url":"https:\/\/playagrande.cat\/ca\/","name":"Playa Grande | Adults Only","description":"","publisher":{"@id":"https:\/\/playagrande.cat\/ca\/#organization"},"alternateName":"Hotel resort en Gav\u00e0","potentialAction":[{"@type":"SearchAction","target":{"@type":"EntryPoint","urlTemplate":"https:\/\/playagrande.cat\/ca\/?s={search_term_string}"},"query-input":{"@type":"PropertyValueSpecification","valueRequired":true,"valueName":"search_term_string"}}],"inLanguage":"ca"},{"@type":"Organization","@id":"https:\/\/playagrande.cat\/ca\/#organization","name":"COAST GAVA, S.L","url":"https:\/\/playagrande.cat\/ca\/","logo":{"@type":"ImageObject","inLanguage":"ca","@id":"https:\/\/playagrande.cat\/ca\/#\/schema\/logo\/image\/","url":"https:\/\/playagrande.cat\/wp-content\/uploads\/2023\/04\/logo-header-marro.png","contentUrl":"https:\/\/playagrande.cat\/wp-content\/uploads\/2023\/04\/logo-header-marro.png","width":294,"height":66,"caption":"COAST GAVA, S.L"},"image":{"@id":"https:\/\/playagrande.cat\/ca\/#\/schema\/logo\/image\/"},"sameAs":["https:\/\/www.instagram.com\/playagrandetropical\/"]}]}},"_links":{"self":[{"href":"https:\/\/playagrande.cat\/ca\/wp-json\/wp\/v2\/pages\/5353","targetHints":{"allow":["GET"]}}],"collection":[{"href":"https:\/\/playagrande.cat\/ca\/wp-json\/wp\/v2\/pages"}],"about":[{"href":"https:\/\/playagrande.cat\/ca\/wp-json\/wp\/v2\/types\/page"}],"author":[{"embeddable":true,"href":"https:\/\/playagrande.cat\/ca\/wp-json\/wp\/v2\/users\/1"}],"replies":[{"embeddable":true,"href":"https:\/\/playagrande.cat\/ca\/wp-json\/wp\/v2\/comments?post=5353"}],"version-history":[{"count":3,"href":"https:\/\/playagrande.cat\/ca\/wp-json\/wp\/v2\/pages\/5353\/revisions"}],"predecessor-version":[{"id":5776,"href":"https:\/\/playagrande.cat\/ca\/wp-json\/wp\/v2\/pages\/5353\/revisions\/5776"}],"wp:attachment":[{"href":"https:\/\/playagrande.cat\/ca\/wp-json\/wp\/v2\/media?parent=5353"}],"curies":[{"name":"wp","href":"https:\/\/api.w.org\/{rel}","templated":true}]}}