{"id":5351,"date":"2023-04-09T17:58:15","date_gmt":"2023-04-09T15:58:15","guid":{"rendered":"https:\/\/playagrande.cat\/adn\/"},"modified":"2023-06-20T18:55:12","modified_gmt":"2023-06-20T16:55:12","slug":"adn","status":"publish","type":"page","link":"https:\/\/playagrande.cat\/ca\/adn\/","title":{"rendered":"adn"},"content":{"rendered":"\t\t<div data-elementor-type=\"wp-page\" data-elementor-id=\"5351\" class=\"elementor elementor-5351 elementor-1475\" data-elementor-post-type=\"page\">\n\t\t\t\t\t\t<section class=\"elementor-section elementor-top-section elementor-element elementor-element-9f798a3 elementor-section-full_width elementor-section-height-min-height elementor-section-items-bottom elementor-section-content-bottom elementor-section-stretched elementor-section-height-default\" data-id=\"9f798a3\" data-element_type=\"section\" data-e-type=\"section\" data-settings=\"{&quot;background_background&quot;:&quot;classic&quot;,&quot;stretch_section&quot;:&quot;section-stretched&quot;}\">\n\t\t\t\t\t\t\t<div class=\"elementor-background-overlay\"><\/div>\n\t\t\t\t\t\t\t<div class=\"elementor-container elementor-column-gap-default\">\n\t\t\t\t\t<div class=\"elementor-column elementor-col-100 elementor-top-column elementor-element elementor-element-1689ee4\" data-id=\"1689ee4\" data-element_type=\"column\" data-e-type=\"column\">\n\t\t\t<div class=\"elementor-widget-wrap elementor-element-populated\">\n\t\t\t\t\t\t<div class=\"elementor-element elementor-element-708f21f elementor-invisible elementor-widget elementor-widget-image\" data-id=\"708f21f\" data-element_type=\"widget\" data-e-type=\"widget\" data-settings=\"{&quot;_animation&quot;:&quot;slideInUp&quot;}\" data-widget_type=\"image.default\">\n\t\t\t\t<div class=\"elementor-widget-container\">\n\t\t\t\t\t\t\t\t\t\t\t\t\t\t\t<img fetchpriority=\"high\" decoding=\"async\" width=\"482\" height=\"308\" src=\"https:\/\/playagrande.cat\/wp-content\/uploads\/2023\/05\/adn.png\" class=\"attachment-full size-full wp-image-4381\" alt=\"\" \/>\t\t\t\t\t\t\t\t\t\t\t\t\t\t\t<\/div>\n\t\t\t\t<\/div>\n\t\t\t\t\t<\/div>\n\t\t<\/div>\n\t\t\t\t\t<\/div>\n\t\t<\/section>\n\t\t\t\t<section class=\"elementor-section elementor-top-section elementor-element elementor-element-f793e39 elementor-section-boxed elementor-section-height-default elementor-section-height-default\" data-id=\"f793e39\" data-element_type=\"section\" data-e-type=\"section\">\n\t\t\t\t\t\t<div class=\"elementor-container elementor-column-gap-custom\">\n\t\t\t\t\t<div class=\"elementor-column elementor-col-100 elementor-top-column elementor-element elementor-element-6a38ef5\" data-id=\"6a38ef5\" data-element_type=\"column\" data-e-type=\"column\" data-settings=\"{&quot;background_background&quot;:&quot;classic&quot;}\">\n\t\t\t<div class=\"elementor-widget-wrap elementor-element-populated\">\n\t\t\t\t\t\t<div class=\"elementor-element elementor-element-49dd6ba elementor-widget elementor-widget-text-editor\" data-id=\"49dd6ba\" data-element_type=\"widget\" data-e-type=\"widget\" data-widget_type=\"text-editor.default\">\n\t\t\t\t<div class=\"elementor-widget-container\">\n\t\t\t\t\t\t\t\t\t<p>AVUI<\/p>\n\t\t\t\t\t\t\t\t<\/div>\n\t\t\t\t<\/div>\n\t\t\t\t<div class=\"elementor-element elementor-element-e845b5c elementor-widget elementor-widget-text-editor\" data-id=\"e845b5c\" data-element_type=\"widget\" data-e-type=\"widget\" data-widget_type=\"text-editor.default\">\n\t\t\t\t<div class=\"elementor-widget-container\">\n\t\t\t\t\t\t\t\t\tDespr\u00e9s de 15 anys d&#8217;\u00e8xit indiscutible al centre de Barcelona, \u200b\u200bBoca Grande, restaurant exclusiu de refer\u00e8ncia per a aut\u00f2ctons i visitants, es llen\u00e7a a la conquesta de la platja.\nI cap lloc millor que aquest per dur a terme la seva fita.\nHi reunirem la millor gastronomia, el millor equip i les millors instal\u00b7lacions en un lloc de somni.\nTot per tal que els nostres clients i amics gaudeixin com mai com enlloc.\t\t\t\t\t\t\t\t<\/div>\n\t\t\t\t<\/div>\n\t\t\t\t\t<\/div>\n\t\t<\/div>\n\t\t\t\t\t<\/div>\n\t\t<\/section>\n\t\t\t\t<section class=\"elementor-section elementor-top-section elementor-element elementor-element-6c42a34 elementor-section-boxed elementor-section-height-default elementor-section-height-default\" data-id=\"6c42a34\" data-element_type=\"section\" data-e-type=\"section\">\n\t\t\t\t\t\t<div class=\"elementor-container elementor-column-gap-wide\">\n\t\t\t\t\t<div class=\"elementor-column elementor-col-50 elementor-top-column elementor-element elementor-element-0dea4a9\" data-id=\"0dea4a9\" data-element_type=\"column\" data-e-type=\"column\">\n\t\t\t<div class=\"elementor-widget-wrap elementor-element-populated\">\n\t\t\t\t\t\t<div class=\"elementor-element elementor-element-ac8ae19 elementor-widget elementor-widget-image\" data-id=\"ac8ae19\" data-element_type=\"widget\" data-e-type=\"widget\" data-widget_type=\"image.default\">\n\t\t\t\t<div class=\"elementor-widget-container\">\n\t\t\t\t\t\t\t\t\t\t\t\t\t\t\t<img decoding=\"async\" width=\"536\" height=\"783\" src=\"https:\/\/playagrande.cat\/wp-content\/uploads\/2023\/06\/Postal-Banys-Capri-Restaurant-01.jpg\" class=\"attachment-large size-large wp-image-5750\" alt=\"\" srcset=\"https:\/\/playagrande.cat\/wp-content\/uploads\/2023\/06\/Postal-Banys-Capri-Restaurant-01.jpg 536w, https:\/\/playagrande.cat\/wp-content\/uploads\/2023\/06\/Postal-Banys-Capri-Restaurant-01-411x600.jpg 411w\" sizes=\"(max-width: 536px) 100vw, 536px\" \/>\t\t\t\t\t\t\t\t\t\t\t\t\t\t\t<\/div>\n\t\t\t\t<\/div>\n\t\t\t\t\t<\/div>\n\t\t<\/div>\n\t\t\t\t<div class=\"elementor-column elementor-col-50 elementor-top-column elementor-element elementor-element-3ff56d3\" data-id=\"3ff56d3\" data-element_type=\"column\" data-e-type=\"column\">\n\t\t\t<div class=\"elementor-widget-wrap elementor-element-populated\">\n\t\t\t\t\t\t<div class=\"elementor-element elementor-element-3868435 elementor-widget__width-initial elementor-widget elementor-widget-image\" data-id=\"3868435\" data-element_type=\"widget\" data-e-type=\"widget\" data-widget_type=\"image.default\">\n\t\t\t\t<div class=\"elementor-widget-container\">\n\t\t\t\t\t\t\t\t\t\t\t\t\t\t\t<img decoding=\"async\" width=\"1088\" height=\"783\" src=\"https:\/\/playagrande.cat\/wp-content\/uploads\/2023\/06\/prensa-1.jpg\" class=\"attachment-large size-large wp-image-5753\" alt=\"\" srcset=\"https:\/\/playagrande.cat\/wp-content\/uploads\/2023\/06\/prensa-1.jpg 1088w, https:\/\/playagrande.cat\/wp-content\/uploads\/2023\/06\/prensa-1-600x432.jpg 600w, https:\/\/playagrande.cat\/wp-content\/uploads\/2023\/06\/prensa-1-768x553.jpg 768w\" sizes=\"(max-width: 1088px) 100vw, 1088px\" \/>\t\t\t\t\t\t\t\t\t\t\t\t\t\t\t<\/div>\n\t\t\t\t<\/div>\n\t\t\t\t\t<\/div>\n\t\t<\/div>\n\t\t\t\t\t<\/div>\n\t\t<\/section>\n\t\t\t\t<section class=\"elementor-section elementor-top-section elementor-element elementor-element-cc1d30f elementor-section-boxed elementor-section-height-default elementor-section-height-default\" data-id=\"cc1d30f\" data-element_type=\"section\" data-e-type=\"section\">\n\t\t\t\t\t\t<div class=\"elementor-container elementor-column-gap-custom\">\n\t\t\t\t\t<div class=\"elementor-column elementor-col-100 elementor-top-column elementor-element elementor-element-f4cff17\" data-id=\"f4cff17\" data-element_type=\"column\" data-e-type=\"column\" data-settings=\"{&quot;background_background&quot;:&quot;classic&quot;}\">\n\t\t\t<div class=\"elementor-widget-wrap elementor-element-populated\">\n\t\t\t\t\t\t<div class=\"elementor-element elementor-element-59cc50c elementor-widget elementor-widget-text-editor\" data-id=\"59cc50c\" data-element_type=\"widget\" data-e-type=\"widget\" data-widget_type=\"text-editor.default\">\n\t\t\t\t<div class=\"elementor-widget-container\">\n\t\t\t\t\t\t\t\t\t<p>AHIR<\/p>\n\t\t\t\t\t\t\t\t<\/div>\n\t\t\t\t<\/div>\n\t\t\t\t<div class=\"elementor-element elementor-element-e6f3f09 elementor-widget elementor-widget-text-editor\" data-id=\"e6f3f09\" data-element_type=\"widget\" data-e-type=\"widget\" data-widget_type=\"text-editor.default\">\n\t\t\t\t<div class=\"elementor-widget-container\">\n\t\t\t\t\t\t\t\t\tSala m\u00edtica de la costa catalana, el Tropical va ser un temple de la \u201cgauche divine\u201d, el col\u00b7lectiu intel\u00b7lectual amb m\u00e9s estil dels anys 60 i 70.\nEn aquella \u00e8poca hi va haver concerts de gran ress\u00f2, amb artistes de fama nacional i internacional.\nDurant gaireb\u00e9 20 anys, Tropical va ser un lloc habitual de personatges coneguts del m\u00f3n de la moda, el cinema, el futbol o la pol\u00edtica.\t\t\t\t\t\t\t\t<\/div>\n\t\t\t\t<\/div>\n\t\t\t\t\t<\/div>\n\t\t<\/div>\n\t\t\t\t\t<\/div>\n\t\t<\/section>\n\t\t\t\t<section class=\"elementor-section elementor-top-section elementor-element elementor-element-7a63dcb elementor-section-boxed elementor-section-height-default elementor-section-height-default\" data-id=\"7a63dcb\" data-element_type=\"section\" data-e-type=\"section\">\n\t\t\t\t\t\t<div class=\"elementor-container elementor-column-gap-custom\">\n\t\t\t\t\t<div class=\"elementor-column elementor-col-25 elementor-top-column elementor-element elementor-element-377fea8\" data-id=\"377fea8\" data-element_type=\"column\" data-e-type=\"column\" data-settings=\"{&quot;background_background&quot;:&quot;classic&quot;}\">\n\t\t\t<div class=\"elementor-widget-wrap elementor-element-populated\">\n\t\t\t\t\t\t<div class=\"elementor-element elementor-element-df39fd2 elementor-widget elementor-widget-image\" data-id=\"df39fd2\" data-element_type=\"widget\" data-e-type=\"widget\" data-widget_type=\"image.default\">\n\t\t\t\t<div class=\"elementor-widget-container\">\n\t\t\t\t\t\t\t\t\t\t\t\t\t\t\t<img loading=\"lazy\" decoding=\"async\" width=\"398\" height=\"583\" src=\"https:\/\/playagrande.cat\/wp-content\/uploads\/2023\/04\/Grupo-187.jpg\" class=\"attachment-large size-large wp-image-2566\" alt=\"\" \/>\t\t\t\t\t\t\t\t\t\t\t\t\t\t\t<\/div>\n\t\t\t\t<\/div>\n\t\t\t\t\t<\/div>\n\t\t<\/div>\n\t\t\t\t<div class=\"elementor-column elementor-col-25 elementor-top-column elementor-element elementor-element-1f9b892\" data-id=\"1f9b892\" data-element_type=\"column\" data-e-type=\"column\" data-settings=\"{&quot;background_background&quot;:&quot;classic&quot;}\">\n\t\t\t<div class=\"elementor-widget-wrap elementor-element-populated\">\n\t\t\t\t\t\t<div class=\"elementor-element elementor-element-ab99a8d elementor-widget elementor-widget-image\" data-id=\"ab99a8d\" data-element_type=\"widget\" data-e-type=\"widget\" data-widget_type=\"image.default\">\n\t\t\t\t<div class=\"elementor-widget-container\">\n\t\t\t\t\t\t\t\t\t\t\t\t\t\t\t<img loading=\"lazy\" decoding=\"async\" width=\"398\" height=\"583\" src=\"https:\/\/playagrande.cat\/wp-content\/uploads\/2023\/04\/19730615-La-Vanguardia-anunci-inauguracio-Tropical-73.jpg\" class=\"attachment-large size-large wp-image-2562\" alt=\"\" \/>\t\t\t\t\t\t\t\t\t\t\t\t\t\t\t<\/div>\n\t\t\t\t<\/div>\n\t\t\t\t\t<\/div>\n\t\t<\/div>\n\t\t\t\t<div class=\"elementor-column elementor-col-25 elementor-top-column elementor-element elementor-element-22c1edc\" data-id=\"22c1edc\" data-element_type=\"column\" data-e-type=\"column\" data-settings=\"{&quot;background_background&quot;:&quot;classic&quot;}\">\n\t\t\t<div class=\"elementor-widget-wrap elementor-element-populated\">\n\t\t\t\t\t\t<div class=\"elementor-element elementor-element-a95398e elementor-widget elementor-widget-image\" data-id=\"a95398e\" data-element_type=\"widget\" data-e-type=\"widget\" data-widget_type=\"image.default\">\n\t\t\t\t<div class=\"elementor-widget-container\">\n\t\t\t\t\t\t\t\t\t\t\t\t\t\t\t<img loading=\"lazy\" decoding=\"async\" width=\"398\" height=\"583\" src=\"https:\/\/playagrande.cat\/wp-content\/uploads\/2023\/04\/download-1.jpg\" class=\"attachment-large size-large wp-image-2564\" alt=\"\" \/>\t\t\t\t\t\t\t\t\t\t\t\t\t\t\t<\/div>\n\t\t\t\t<\/div>\n\t\t\t\t\t<\/div>\n\t\t<\/div>\n\t\t\t\t<div class=\"elementor-column elementor-col-25 elementor-top-column elementor-element elementor-element-f305302\" data-id=\"f305302\" data-element_type=\"column\" data-e-type=\"column\" data-settings=\"{&quot;background_background&quot;:&quot;classic&quot;}\">\n\t\t\t<div class=\"elementor-widget-wrap elementor-element-populated\">\n\t\t\t\t\t\t<div class=\"elementor-element elementor-element-1868698 elementor-widget elementor-widget-image\" data-id=\"1868698\" data-element_type=\"widget\" data-e-type=\"widget\" data-widget_type=\"image.default\">\n\t\t\t\t<div class=\"elementor-widget-container\">\n\t\t\t\t\t\t\t\t\t\t\t\t\t\t\t<img loading=\"lazy\" decoding=\"async\" width=\"398\" height=\"583\" src=\"https:\/\/playagrande.cat\/wp-content\/uploads\/2023\/04\/images-1.jpg\" class=\"attachment-large size-large wp-image-2568\" alt=\"\" \/>\t\t\t\t\t\t\t\t\t\t\t\t\t\t\t<\/div>\n\t\t\t\t<\/div>\n\t\t\t\t\t<\/div>\n\t\t<\/div>\n\t\t\t\t\t<\/div>\n\t\t<\/section>\n\t\t\t\t<\/div>\n\t\t","protected":false},"excerpt":{"rendered":"<p>AVUI Despr\u00e9s de 15 anys d&#8217;\u00e8xit indiscutible al centre de Barcelona, \u200b\u200bBoca Grande, restaurant exclusiu de refer\u00e8ncia per a aut\u00f2ctons i visitants, es llen\u00e7a a la conquesta de la platja. I cap lloc millor que aquest per dur a terme la seva fita. Hi reunirem la millor gastronomia, el millor equip i les millors instal\u00b7lacions [&hellip;]<\/p>\n","protected":false},"author":1,"featured_media":0,"parent":0,"menu_order":0,"comment_status":"closed","ping_status":"closed","template":"","meta":{"site-sidebar-layout":"no-sidebar","site-content-layout":"page-builder","ast-site-content-layout":"default","site-content-style":"default","site-sidebar-style":"default","ast-global-header-display":"","ast-banner-title-visibility":"","ast-main-header-display":"","ast-hfb-above-header-display":"","ast-hfb-below-header-display":"","ast-hfb-mobile-header-display":"","site-post-title":"disabled","ast-breadcrumbs-content":"","ast-featured-img":"disabled","footer-sml-layout":"","ast-disable-related-posts":"","theme-transparent-header-meta":"","adv-header-id-meta":"","stick-header-meta":"","header-above-stick-meta":"","header-main-stick-meta":"","header-below-stick-meta":"","astra-migrate-meta-layouts":"default","ast-page-background-enabled":"default","ast-page-background-meta":{"desktop":{"background-color":"var(--ast-global-color-4)","background-image":"","background-repeat":"repeat","background-position":"center center","background-size":"auto","background-attachment":"scroll","background-type":"","background-media":"","overlay-type":"","overlay-color":"","overlay-opacity":"","overlay-gradient":""},"tablet":{"background-color":"","background-image":"","background-repeat":"repeat","background-position":"center center","background-size":"auto","background-attachment":"scroll","background-type":"","background-media":"","overlay-type":"","overlay-color":"","overlay-opacity":"","overlay-gradient":""},"mobile":{"background-color":"","background-image":"","background-repeat":"repeat","background-position":"center center","background-size":"auto","background-attachment":"scroll","background-type":"","background-media":"","overlay-type":"","overlay-color":"","overlay-opacity":"","overlay-gradient":""}},"ast-content-background-meta":{"desktop":{"background-color":"var(--ast-global-color-5)","background-image":"","background-repeat":"repeat","background-position":"center center","background-size":"auto","background-attachment":"scroll","background-type":"","background-media":"","overlay-type":"","overlay-color":"","overlay-opacity":"","overlay-gradient":""},"tablet":{"background-color":"var(--ast-global-color-5)","background-image":"","background-repeat":"repeat","background-position":"center center","background-size":"auto","background-attachment":"scroll","background-type":"","background-media":"","overlay-type":"","overlay-color":"","overlay-opacity":"","overlay-gradient":""},"mobile":{"background-color":"var(--ast-global-color-5)","background-image":"","background-repeat":"repeat","background-position":"center center","background-size":"auto","background-attachment":"scroll","background-type":"","background-media":"","overlay-type":"","overlay-color":"","overlay-opacity":"","overlay-gradient":""}},"footnotes":""},"class_list":["post-5351","page","type-page","status-publish","hentry"],"yoast_head":"<!-- This site is optimized with the Yoast SEO plugin v25.1 - https:\/\/yoast.com\/wordpress\/plugins\/seo\/ -->\n<title>adn - Playa Grande<\/title>\n<meta name=\"robots\" content=\"index, follow, max-snippet:-1, max-image-preview:large, max-video-preview:-1\" \/>\n<link rel=\"canonical\" href=\"https:\/\/playagrande.cat\/ca\/adn\/\" \/>\n<meta property=\"og:locale\" content=\"ca_ES\" \/>\n<meta property=\"og:type\" content=\"article\" \/>\n<meta property=\"og:title\" content=\"adn - Playa Grande\" \/>\n<meta property=\"og:description\" content=\"AVUI Despr\u00e9s de 15 anys d&#8217;\u00e8xit indiscutible al centre de Barcelona, \u200b\u200bBoca Grande, restaurant exclusiu de refer\u00e8ncia per a aut\u00f2ctons i visitants, es llen\u00e7a a la conquesta de la platja. I cap lloc millor que aquest per dur a terme la seva fita. Hi reunirem la millor gastronomia, el millor equip i les millors instal\u00b7lacions [&hellip;]\" \/>\n<meta property=\"og:url\" content=\"https:\/\/playagrande.cat\/ca\/adn\/\" \/>\n<meta property=\"og:site_name\" content=\"Playa Grande\" \/>\n<meta property=\"article:publisher\" content=\"https:\/\/www.instagram.com\/playagrandetropical\/\" \/>\n<meta property=\"article:modified_time\" content=\"2023-06-20T16:55:12+00:00\" \/>\n<meta property=\"og:image\" content=\"https:\/\/playagrande.cat\/wp-content\/uploads\/2023\/05\/adn.png\" \/>\n<meta name=\"twitter:card\" content=\"summary_large_image\" \/>\n<meta name=\"twitter:label1\" content=\"Temps estimat de lectura\" \/>\n\t<meta name=\"twitter:data1\" content=\"1 minut\" \/>\n<script type=\"application\/ld+json\" class=\"yoast-schema-graph\">{\"@context\":\"https:\/\/schema.org\",\"@graph\":[{\"@type\":\"WebPage\",\"@id\":\"https:\/\/playagrande.cat\/ca\/adn\/\",\"url\":\"https:\/\/playagrande.cat\/ca\/adn\/\",\"name\":\"adn - Playa Grande\",\"isPartOf\":{\"@id\":\"https:\/\/playagrande.cat\/ca\/#website\"},\"primaryImageOfPage\":{\"@id\":\"https:\/\/playagrande.cat\/ca\/adn\/#primaryimage\"},\"image\":{\"@id\":\"https:\/\/playagrande.cat\/ca\/adn\/#primaryimage\"},\"thumbnailUrl\":\"https:\/\/playagrande.cat\/wp-content\/uploads\/2023\/05\/adn.png\",\"datePublished\":\"2023-04-09T15:58:15+00:00\",\"dateModified\":\"2023-06-20T16:55:12+00:00\",\"breadcrumb\":{\"@id\":\"https:\/\/playagrande.cat\/ca\/adn\/#breadcrumb\"},\"inLanguage\":\"ca\",\"potentialAction\":[{\"@type\":\"ReadAction\",\"target\":[\"https:\/\/playagrande.cat\/ca\/adn\/\"]}]},{\"@type\":\"ImageObject\",\"inLanguage\":\"ca\",\"@id\":\"https:\/\/playagrande.cat\/ca\/adn\/#primaryimage\",\"url\":\"https:\/\/playagrande.cat\/wp-content\/uploads\/2023\/05\/adn.png\",\"contentUrl\":\"https:\/\/playagrande.cat\/wp-content\/uploads\/2023\/05\/adn.png\"},{\"@type\":\"BreadcrumbList\",\"@id\":\"https:\/\/playagrande.cat\/ca\/adn\/#breadcrumb\",\"itemListElement\":[{\"@type\":\"ListItem\",\"position\":1,\"name\":\"Portada\",\"item\":\"https:\/\/playagrande.cat\/ca\/\"},{\"@type\":\"ListItem\",\"position\":2,\"name\":\"adn\"}]},{\"@type\":\"WebSite\",\"@id\":\"https:\/\/playagrande.cat\/ca\/#website\",\"url\":\"https:\/\/playagrande.cat\/ca\/\",\"name\":\"Playa Grande | Adults Only\",\"description\":\"\",\"publisher\":{\"@id\":\"https:\/\/playagrande.cat\/ca\/#organization\"},\"alternateName\":\"Hotel resort en Gav\u00e0\",\"potentialAction\":[{\"@type\":\"SearchAction\",\"target\":{\"@type\":\"EntryPoint\",\"urlTemplate\":\"https:\/\/playagrande.cat\/ca\/?s={search_term_string}\"},\"query-input\":{\"@type\":\"PropertyValueSpecification\",\"valueRequired\":true,\"valueName\":\"search_term_string\"}}],\"inLanguage\":\"ca\"},{\"@type\":\"Organization\",\"@id\":\"https:\/\/playagrande.cat\/ca\/#organization\",\"name\":\"COAST GAVA, S.L\",\"url\":\"https:\/\/playagrande.cat\/ca\/\",\"logo\":{\"@type\":\"ImageObject\",\"inLanguage\":\"ca\",\"@id\":\"https:\/\/playagrande.cat\/ca\/#\/schema\/logo\/image\/\",\"url\":\"https:\/\/playagrande.cat\/wp-content\/uploads\/2023\/04\/logo-header-marro.png\",\"contentUrl\":\"https:\/\/playagrande.cat\/wp-content\/uploads\/2023\/04\/logo-header-marro.png\",\"width\":294,\"height\":66,\"caption\":\"COAST GAVA, S.L\"},\"image\":{\"@id\":\"https:\/\/playagrande.cat\/ca\/#\/schema\/logo\/image\/\"},\"sameAs\":[\"https:\/\/www.instagram.com\/playagrandetropical\/\"]}]}<\/script>\n<!-- \/ Yoast SEO plugin. -->","yoast_head_json":{"title":"adn - Playa Grande","robots":{"index":"index","follow":"follow","max-snippet":"max-snippet:-1","max-image-preview":"max-image-preview:large","max-video-preview":"max-video-preview:-1"},"canonical":"https:\/\/playagrande.cat\/ca\/adn\/","og_locale":"ca_ES","og_type":"article","og_title":"adn - Playa Grande","og_description":"AVUI Despr\u00e9s de 15 anys d&#8217;\u00e8xit indiscutible al centre de Barcelona, \u200b\u200bBoca Grande, restaurant exclusiu de refer\u00e8ncia per a aut\u00f2ctons i visitants, es llen\u00e7a a la conquesta de la platja. I cap lloc millor que aquest per dur a terme la seva fita. Hi reunirem la millor gastronomia, el millor equip i les millors instal\u00b7lacions [&hellip;]","og_url":"https:\/\/playagrande.cat\/ca\/adn\/","og_site_name":"Playa Grande","article_publisher":"https:\/\/www.instagram.com\/playagrandetropical\/","article_modified_time":"2023-06-20T16:55:12+00:00","og_image":[{"url":"https:\/\/playagrande.cat\/wp-content\/uploads\/2023\/05\/adn.png","type":"","width":"","height":""}],"twitter_card":"summary_large_image","twitter_misc":{"Temps estimat de lectura":"1 minut"},"schema":{"@context":"https:\/\/schema.org","@graph":[{"@type":"WebPage","@id":"https:\/\/playagrande.cat\/ca\/adn\/","url":"https:\/\/playagrande.cat\/ca\/adn\/","name":"adn - Playa Grande","isPartOf":{"@id":"https:\/\/playagrande.cat\/ca\/#website"},"primaryImageOfPage":{"@id":"https:\/\/playagrande.cat\/ca\/adn\/#primaryimage"},"image":{"@id":"https:\/\/playagrande.cat\/ca\/adn\/#primaryimage"},"thumbnailUrl":"https:\/\/playagrande.cat\/wp-content\/uploads\/2023\/05\/adn.png","datePublished":"2023-04-09T15:58:15+00:00","dateModified":"2023-06-20T16:55:12+00:00","breadcrumb":{"@id":"https:\/\/playagrande.cat\/ca\/adn\/#breadcrumb"},"inLanguage":"ca","potentialAction":[{"@type":"ReadAction","target":["https:\/\/playagrande.cat\/ca\/adn\/"]}]},{"@type":"ImageObject","inLanguage":"ca","@id":"https:\/\/playagrande.cat\/ca\/adn\/#primaryimage","url":"https:\/\/playagrande.cat\/wp-content\/uploads\/2023\/05\/adn.png","contentUrl":"https:\/\/playagrande.cat\/wp-content\/uploads\/2023\/05\/adn.png"},{"@type":"BreadcrumbList","@id":"https:\/\/playagrande.cat\/ca\/adn\/#breadcrumb","itemListElement":[{"@type":"ListItem","position":1,"name":"Portada","item":"https:\/\/playagrande.cat\/ca\/"},{"@type":"ListItem","position":2,"name":"adn"}]},{"@type":"WebSite","@id":"https:\/\/playagrande.cat\/ca\/#website","url":"https:\/\/playagrande.cat\/ca\/","name":"Playa Grande | Adults Only","description":"","publisher":{"@id":"https:\/\/playagrande.cat\/ca\/#organization"},"alternateName":"Hotel resort en Gav\u00e0","potentialAction":[{"@type":"SearchAction","target":{"@type":"EntryPoint","urlTemplate":"https:\/\/playagrande.cat\/ca\/?s={search_term_string}"},"query-input":{"@type":"PropertyValueSpecification","valueRequired":true,"valueName":"search_term_string"}}],"inLanguage":"ca"},{"@type":"Organization","@id":"https:\/\/playagrande.cat\/ca\/#organization","name":"COAST GAVA, S.L","url":"https:\/\/playagrande.cat\/ca\/","logo":{"@type":"ImageObject","inLanguage":"ca","@id":"https:\/\/playagrande.cat\/ca\/#\/schema\/logo\/image\/","url":"https:\/\/playagrande.cat\/wp-content\/uploads\/2023\/04\/logo-header-marro.png","contentUrl":"https:\/\/playagrande.cat\/wp-content\/uploads\/2023\/04\/logo-header-marro.png","width":294,"height":66,"caption":"COAST GAVA, S.L"},"image":{"@id":"https:\/\/playagrande.cat\/ca\/#\/schema\/logo\/image\/"},"sameAs":["https:\/\/www.instagram.com\/playagrandetropical\/"]}]}},"_links":{"self":[{"href":"https:\/\/playagrande.cat\/ca\/wp-json\/wp\/v2\/pages\/5351","targetHints":{"allow":["GET"]}}],"collection":[{"href":"https:\/\/playagrande.cat\/ca\/wp-json\/wp\/v2\/pages"}],"about":[{"href":"https:\/\/playagrande.cat\/ca\/wp-json\/wp\/v2\/types\/page"}],"author":[{"embeddable":true,"href":"https:\/\/playagrande.cat\/ca\/wp-json\/wp\/v2\/users\/1"}],"replies":[{"embeddable":true,"href":"https:\/\/playagrande.cat\/ca\/wp-json\/wp\/v2\/comments?post=5351"}],"version-history":[{"count":11,"href":"https:\/\/playagrande.cat\/ca\/wp-json\/wp\/v2\/pages\/5351\/revisions"}],"predecessor-version":[{"id":5757,"href":"https:\/\/playagrande.cat\/ca\/wp-json\/wp\/v2\/pages\/5351\/revisions\/5757"}],"wp:attachment":[{"href":"https:\/\/playagrande.cat\/ca\/wp-json\/wp\/v2\/media?parent=5351"}],"curies":[{"name":"wp","href":"https:\/\/api.w.org\/{rel}","templated":true}]}}